{"id":44,"date":"2025-09-30T14:59:43","date_gmt":"2025-09-30T14:59:43","guid":{"rendered":"https:\/\/publima.ma\/?page_id=44"},"modified":"2025-10-02T14:07:57","modified_gmt":"2025-10-02T14:07:57","slug":"contact","status":"publish","type":"page","link":"https:\/\/publima.ma\/?page_id=44","title":{"rendered":"Contact"},"content":{"rendered":"\n\n\n\n","protected":false},"excerpt":{"rendered":"","protected":false},"author":1,"featured_media":0,"parent":0,"menu_order":0,"comment_status":"closed","ping_status":"closed","template":"full-width","meta":{"saved_in_kubio":true,"footnotes":""},"class_list":["post-44","page","type-page","status-publish","hentry"],"kubio_ai_page_context":{"short_desc":"Vous souhaitez en savoir plus sur nos solutions publicitaires ou discuter de votre prochain projet de communication ? Notre \u00e9quipe est \u00e0 votre \u00e9coute pour r\u00e9pondre \u00e0 toutes vos questions et vous accompagner dans la mise en place de campagnes efficaces et sur mesure.\n\nRemplissez le formulaire ci-dessous ou utilisez nos coordonn\u00e9es pour nous joindre directement. Que ce soit pour une demande d\u2019information, un devis ou un rendez-vous, nous serons ravis d\u2019\u00e9changer avec vous et de vous proposer des solutions adapt\u00e9es \u00e0 vos objectifs.","purpose":"contact","isFrontPage":false},"_links":{"self":[{"href":"https:\/\/publima.ma\/index.php?rest_route=\/wp\/v2\/pages\/44","targetHints":{"allow":["GET"]}}],"collection":[{"href":"https:\/\/publima.ma\/index.php?rest_route=\/wp\/v2\/pages"}],"about":[{"href":"https:\/\/publima.ma\/index.php?rest_route=\/wp\/v2\/types\/page"}],"author":[{"embeddable":true,"href":"https:\/\/publima.ma\/index.php?rest_route=\/wp\/v2\/users\/1"}],"replies":[{"embeddable":true,"href":"https:\/\/publima.ma\/index.php?rest_route=%2Fwp%2Fv2%2Fcomments&post=44"}],"version-history":[{"count":2,"href":"https:\/\/publima.ma\/index.php?rest_route=\/wp\/v2\/pages\/44\/revisions"}],"predecessor-version":[{"id":116,"href":"https:\/\/publima.ma\/index.php?rest_route=\/wp\/v2\/pages\/44\/revisions\/116"}],"wp:attachment":[{"href":"https:\/\/publima.ma\/index.php?rest_route=%2Fwp%2Fv2%2Fmedia&parent=44"}],"curies":[{"name":"wp","href":"https:\/\/api.w.org\/{rel}","templated":true}]}}